{"id":5416,"date":"2024-05-15T08:58:24","date_gmt":"2024-05-15T08:58:24","guid":{"rendered":"https:\/\/freecell247.io\/index.php\/hakkimizda\/"},"modified":"2024-05-15T09:18:54","modified_gmt":"2024-05-15T09:18:54","slug":"hakkimizda","status":"publish","type":"page","link":"https:\/\/freecell247.io\/tr\/hakkimizda\/","title":{"rendered":"Hakk\u0131m\u0131zda"},"content":{"rendered":"\n<p>Freecell247.io&#8217;da, size \u00e7evrimi\u00e7i olarak en iyi Freecell solitaire deneyimini sunma konusunda tutkuluyuz. \u0130ster deneyimli bir oyuncu ister oyunda yeni olun, platformumuz herkes i\u00e7in sorunsuz ve keyifli bir oyun deneyimi sunuyor.<\/p>\n\n<h2 class=\"wp-block-heading\">Misyonumuz<\/h2>\n\n<p>Misyonumuz, Freecell merakl\u0131lar\u0131n\u0131n en sevdikleri oyunu her zaman, her yerde oynayabilecekleri e\u011flenceli ve ilgi \u00e7ekici bir ortam yaratmakt\u0131r. Oyun deneyiminizi geli\u015ftirmek i\u00e7in eri\u015filebilir, kullan\u0131c\u0131 dostu ve heyecan verici \u00f6zelliklerle dolu bir platform sunmaya \u00e7al\u0131\u015f\u0131yoruz.<\/p>\n\n<h2 class=\"wp-block-heading\">Ne Sunuyoruz<\/h2>\n\n<ul class=\"wp-block-list\">\n<li><strong>Freecell Oyunlar\u0131<\/strong>: Klasik Freecell solitaire&#8217;in keyfini \u00e7\u0131kar\u0131n ve hepsi \u00fccretsiz olarak sunulan \u00e7e\u015fitli Freecell varyasyonlar\u0131n\u0131 ke\u015ffedin.<\/li>\n\n\n\n<li><strong>\u00c7evrimi\u00e7i Eri\u015fim<\/strong>: \u0130ster evde ister hareket halinde olun, herhangi bir cihazdan \u00e7evrimi\u00e7i Freecell oynay\u0131n.<\/li>\n\n\n\n<li><strong>Kullan\u0131c\u0131 Dostu Aray\u00fcz<\/strong>: Sezgisel aray\u00fcz\u00fcm\u00fcz, herhangi bir g\u00fc\u00e7l\u00fck \u00e7ekmeden kolayca gezinmenizi ve oyunun tad\u0131n\u0131 \u00e7\u0131karman\u0131z\u0131 sa\u011flar.<\/li>\n\n\n\n<li><strong>G\u00fcnl\u00fck M\u00fccadeleler<\/strong>: G\u00fcnl\u00fck m\u00fccadelelerimizle yeteneklerinizi test edin ve di\u011fer oyunculara kar\u015f\u0131 nas\u0131l s\u0131raland\u0131\u011f\u0131n\u0131z\u0131 g\u00f6r\u00fcn.<\/li>\n\n\n\n<li><strong>\u00d6\u011freticiler ve \u0130pu\u00e7lar\u0131:<\/strong> Kapsaml\u0131 e\u011fitimlerimiz ve ipu\u00e7lar\u0131m\u0131zla yeni stratejiler \u00f6\u011frenin ve oyununuzu geli\u015ftirin.<\/li>\n<\/ul>\n\n<h2 class=\"wp-block-heading\">Neden Freecell247.io&#8217;yu Se\u00e7melisiniz?<\/h2>\n\n<ol class=\"wp-block-list\">\n<li><strong>Her Zaman Eri\u015filebilir<\/strong>: Nerede olursan\u0131z olun 7\/24 Freecell oynay\u0131n.<\/li>\n\n\n\n<li><strong>\u00c7e\u015fitli Oyunlar<\/strong>: Klasik ve modern varyasyonlar da dahil olmak \u00fczere \u00e7ok \u00e7e\u015fitli Freecell oyunlar\u0131 aras\u0131ndan se\u00e7im yap\u0131n.<\/li>\n\n\n\n<li><strong>Topluluk Kat<\/strong>\u0131l\u0131m\u0131: Freecell severlerden olu\u015fan toplulu\u011fumuza kat\u0131l\u0131n ve tart\u0131\u015fmalara, m\u00fccadelelere ve daha fazlas\u0131na kat\u0131l\u0131n.<\/li>\n\n\n\n<li><strong>Reklams\u0131z Deneyim<\/strong>: Reklams\u0131z platformumuz ile kesintisiz oyunun tad\u0131n\u0131 \u00e7\u0131kar\u0131n.<\/li>\n\n\n\n<li><strong>G\u00fcvenli ve \u00d6zel<\/strong>: Gizlili\u011finiz ve g\u00fcvenli\u011finiz bizim en \u00f6nemli \u00f6nceliklerimizdir. Verilerinizin bizimle g\u00fcvende oldu\u011funu bilerek g\u00f6n\u00fcl rahatl\u0131\u011f\u0131yla oynay\u0131n.<\/li>\n<\/ol>\n\n<h2 class=\"wp-block-heading\">Bizim Hikayemiz<\/h2>\n\n<p>Freecell247.io, Freecell solitaire i\u00e7in nihai \u00e7evrimi\u00e7i hedefi olu\u015fturmak isteyen bir grup kart oyunu merakl\u0131s\u0131 taraf\u0131ndan kuruldu. Mevcut s\u0131n\u0131rl\u0131 se\u00e7enekler ve bir\u00e7ok sitedeki m\u00fcdahaleci reklamlar nedeniyle hayal k\u0131r\u0131kl\u0131\u011f\u0131na u\u011frayarak, Freecell oyuncular\u0131n\u0131n ihtiya\u00e7lar\u0131n\u0131 ger\u00e7ekten kar\u015f\u0131layan bir platform olu\u015fturmaya karar verdik. Bug\u00fcn Freecell247.io, t\u00fcm beceri seviyelerinden oyuncular\u0131n bir araya gelip en sevdikleri oyunun tad\u0131n\u0131 \u00e7\u0131karabilecekleri geli\u015fen bir topluluktur.<\/p>\n","protected":false},"excerpt":{"rendered":"<p>Freecell247.io&#8217;da, size \u00e7evrimi\u00e7i olarak en iyi Freecell solitaire deneyimini sunma konusunda tutkuluyuz. \u0130ster deneyimli bir oyuncu ister oyunda yeni olun, platformumuz herkes i\u00e7in sorunsuz ve keyifli bir oyun deneyimi sunuyor. Misyonumuz Misyonumuz, Freecell merakl\u0131lar\u0131n\u0131n en sevdikleri oyunu her zaman, her yerde oynayabilecekleri e\u011flenceli ve ilgi \u00e7ekici bir ortam yaratmakt\u0131r. Oyun deneyiminizi geli\u015ftirmek i\u00e7in eri\u015filebilir, kullan\u0131c\u0131 [&hellip;]<\/p>\n","protected":false},"author":1,"featured_media":0,"parent":0,"menu_order":0,"comment_status":"closed","ping_status":"closed","template":"","meta":{"content-type":"","footnotes":""},"class_list":["post-5416","page","type-page","status-publish"],"yoast_head":"<!-- This site is optimized with the Yoast SEO plugin v22.7 - https:\/\/yoast.com\/wordpress\/plugins\/seo\/ -->\n<title>Hakk\u0131m\u0131zda - Freecell 247<\/title>\n<meta name=\"robots\" content=\"index, follow, max-snippet:-1, max-image-preview:large, max-video-preview:-1\" \/>\n<link rel=\"canonical\" href=\"https:\/\/freecell247.io\/about-us\/\" \/>\n<meta property=\"og:locale\" content=\"tr_TR\" \/>\n<meta property=\"og:type\" content=\"article\" \/>\n<meta property=\"og:title\" content=\"Hakk\u0131m\u0131zda - Freecell 247\" \/>\n<meta property=\"og:description\" content=\"Freecell247.io&#8217;da, size \u00e7evrimi\u00e7i olarak en iyi Freecell solitaire deneyimini sunma konusunda tutkuluyuz. \u0130ster deneyimli bir oyuncu ister oyunda yeni olun, platformumuz herkes i\u00e7in sorunsuz ve keyifli bir oyun deneyimi sunuyor. Misyonumuz Misyonumuz, Freecell merakl\u0131lar\u0131n\u0131n en sevdikleri oyunu her zaman, her yerde oynayabilecekleri e\u011flenceli ve ilgi \u00e7ekici bir ortam yaratmakt\u0131r. Oyun deneyiminizi geli\u015ftirmek i\u00e7in eri\u015filebilir, kullan\u0131c\u0131 [&hellip;]\" \/>\n<meta property=\"og:url\" content=\"https:\/\/freecell247.io\/about-us\/\" \/>\n<meta property=\"og:site_name\" content=\"Freecell 247\" \/>\n<meta property=\"article:modified_time\" content=\"2024-05-15T09:18:54+00:00\" \/>\n<meta name=\"twitter:card\" content=\"summary_large_image\" \/>\n<meta name=\"twitter:label1\" content=\"Tahmini okuma s\u00fcresi\" \/>\n\t<meta name=\"twitter:data1\" content=\"2 dakika\" \/>\n<script type=\"application\/ld+json\" class=\"yoast-schema-graph\">{\"@context\":\"https:\/\/schema.org\",\"@graph\":[{\"@type\":\"WebPage\",\"@id\":\"https:\/\/freecell247.io\/about-us\/\",\"url\":\"https:\/\/freecell247.io\/about-us\/\",\"name\":\"Hakk\u0131m\u0131zda - Freecell 247\",\"isPartOf\":{\"@id\":\"https:\/\/freecell247.io\/#website\"},\"datePublished\":\"2024-05-15T08:58:24+00:00\",\"dateModified\":\"2024-05-15T09:18:54+00:00\",\"breadcrumb\":{\"@id\":\"https:\/\/freecell247.io\/about-us\/#breadcrumb\"},\"inLanguage\":\"tr\",\"potentialAction\":[{\"@type\":\"ReadAction\",\"target\":[\"https:\/\/freecell247.io\/about-us\/\"]}]},{\"@type\":\"BreadcrumbList\",\"@id\":\"https:\/\/freecell247.io\/about-us\/#breadcrumb\",\"itemListElement\":[{\"@type\":\"ListItem\",\"position\":1,\"name\":\"Home\",\"item\":\"https:\/\/freecell247.io\/tr\/\"},{\"@type\":\"ListItem\",\"position\":2,\"name\":\"Hakk\u0131m\u0131zda\"}]},{\"@type\":\"WebSite\",\"@id\":\"https:\/\/freecell247.io\/#website\",\"url\":\"https:\/\/freecell247.io\/\",\"name\":\"Freecell 247\",\"description\":\"\",\"potentialAction\":[{\"@type\":\"SearchAction\",\"target\":{\"@type\":\"EntryPoint\",\"urlTemplate\":\"https:\/\/freecell247.io\/?s={search_term_string}\"},\"query-input\":\"required name=search_term_string\"}],\"inLanguage\":\"tr\"}]}<\/script>\n<!-- \/ Yoast SEO plugin. -->","yoast_head_json":{"title":"Hakk\u0131m\u0131zda - Freecell 247","robots":{"index":"index","follow":"follow","max-snippet":"max-snippet:-1","max-image-preview":"max-image-preview:large","max-video-preview":"max-video-preview:-1"},"canonical":"https:\/\/freecell247.io\/about-us\/","og_locale":"tr_TR","og_type":"article","og_title":"Hakk\u0131m\u0131zda - Freecell 247","og_description":"Freecell247.io&#8217;da, size \u00e7evrimi\u00e7i olarak en iyi Freecell solitaire deneyimini sunma konusunda tutkuluyuz. \u0130ster deneyimli bir oyuncu ister oyunda yeni olun, platformumuz herkes i\u00e7in sorunsuz ve keyifli bir oyun deneyimi sunuyor. Misyonumuz Misyonumuz, Freecell merakl\u0131lar\u0131n\u0131n en sevdikleri oyunu her zaman, her yerde oynayabilecekleri e\u011flenceli ve ilgi \u00e7ekici bir ortam yaratmakt\u0131r. Oyun deneyiminizi geli\u015ftirmek i\u00e7in eri\u015filebilir, kullan\u0131c\u0131 [&hellip;]","og_url":"https:\/\/freecell247.io\/about-us\/","og_site_name":"Freecell 247","article_modified_time":"2024-05-15T09:18:54+00:00","twitter_card":"summary_large_image","twitter_misc":{"Tahmini okuma s\u00fcresi":"2 dakika"},"schema":{"@context":"https:\/\/schema.org","@graph":[{"@type":"WebPage","@id":"https:\/\/freecell247.io\/about-us\/","url":"https:\/\/freecell247.io\/about-us\/","name":"Hakk\u0131m\u0131zda - Freecell 247","isPartOf":{"@id":"https:\/\/freecell247.io\/#website"},"datePublished":"2024-05-15T08:58:24+00:00","dateModified":"2024-05-15T09:18:54+00:00","breadcrumb":{"@id":"https:\/\/freecell247.io\/about-us\/#breadcrumb"},"inLanguage":"tr","potentialAction":[{"@type":"ReadAction","target":["https:\/\/freecell247.io\/about-us\/"]}]},{"@type":"BreadcrumbList","@id":"https:\/\/freecell247.io\/about-us\/#breadcrumb","itemListElement":[{"@type":"ListItem","position":1,"name":"Home","item":"https:\/\/freecell247.io\/tr\/"},{"@type":"ListItem","position":2,"name":"Hakk\u0131m\u0131zda"}]},{"@type":"WebSite","@id":"https:\/\/freecell247.io\/#website","url":"https:\/\/freecell247.io\/","name":"Freecell 247","description":"","potentialAction":[{"@type":"SearchAction","target":{"@type":"EntryPoint","urlTemplate":"https:\/\/freecell247.io\/?s={search_term_string}"},"query-input":"required name=search_term_string"}],"inLanguage":"tr"}]}},"_links":{"self":[{"href":"https:\/\/freecell247.io\/tr\/wp-json\/wp\/v2\/pages\/5416","targetHints":{"allow":["GET"]}}],"collection":[{"href":"https:\/\/freecell247.io\/tr\/wp-json\/wp\/v2\/pages"}],"about":[{"href":"https:\/\/freecell247.io\/tr\/wp-json\/wp\/v2\/types\/page"}],"author":[{"embeddable":true,"href":"https:\/\/freecell247.io\/tr\/wp-json\/wp\/v2\/users\/1"}],"replies":[{"embeddable":true,"href":"https:\/\/freecell247.io\/tr\/wp-json\/wp\/v2\/comments?post=5416"}],"version-history":[{"count":1,"href":"https:\/\/freecell247.io\/tr\/wp-json\/wp\/v2\/pages\/5416\/revisions"}],"predecessor-version":[{"id":5424,"href":"https:\/\/freecell247.io\/tr\/wp-json\/wp\/v2\/pages\/5416\/revisions\/5424"}],"wp:attachment":[{"href":"https:\/\/freecell247.io\/tr\/wp-json\/wp\/v2\/media?parent=5416"}],"curies":[{"name":"wp","href":"https:\/\/api.w.org\/{rel}","templated":true}]}}