{"id":5411,"date":"2024-05-15T08:59:36","date_gmt":"2024-05-15T08:59:36","guid":{"rendered":"https:\/\/freecell247.io\/index.php\/zasady-ochrany-osobnich-udaju\/"},"modified":"2024-05-15T09:18:58","modified_gmt":"2024-05-15T09:18:58","slug":"zasady-ochrany-osobnich-udaju","status":"publish","type":"page","link":"https:\/\/freecell247.io\/cs\/zasady-ochrany-osobnich-udaju\/","title":{"rendered":"Z\u00e1sady ochrany osobn\u00edch \u00fadaj\u016f"},"content":{"rendered":"\n<p>V\u00edtejte na Freecell247.io. Zavazujeme se chr\u00e1nit va\u0161e soukrom\u00ed a zajistit, \u017ee s va\u0161imi osobn\u00edmi \u00fadaji bude nakl\u00e1d\u00e1no bezpe\u010dn\u00fdm a odpov\u011bdn\u00fdm zp\u016fsobem. Tyto z\u00e1sady ochrany osobn\u00edch \u00fadaj\u016f popisuj\u00ed, jak shroma\u017e\u010fujeme, pou\u017e\u00edv\u00e1me a chr\u00e1n\u00edme va\u0161e \u00fadaje p\u0159i pou\u017e\u00edv\u00e1n\u00ed na\u0161ich webov\u00fdch str\u00e1nek.<\/p>\n\n<h2 class=\"wp-block-heading\">Informace, kter\u00e9 shroma\u017e\u010fujeme<\/h2>\n\n<ol class=\"wp-block-list\">\n<li><strong>Osobn\u00ed \u00fadaje<\/strong>: P\u0159i registraci nebo interakci s na\u0161imi webov\u00fdmi str\u00e1nkami m\u016f\u017eeme shroma\u017e\u010fovat osobn\u00ed \u00fadaje, jako je va\u0161e jm\u00e9no, e-mailov\u00e1 adresa a dal\u0161\u00ed informace, kter\u00e9 n\u00e1m poskytnete.<\/li>\n\n\n\n<li><strong>\u00dadaje o pou\u017e\u00edv\u00e1n\u00ed<\/strong>: Shroma\u017e\u010fujeme informace o tom, jak pou\u017e\u00edv\u00e1te na\u0161e webov\u00e9 str\u00e1nky, v\u010detn\u011b va\u0161\u00ed IP adresy, typu prohl\u00ed\u017ee\u010de, nav\u0161t\u00edven\u00fdch str\u00e1nek a \u010dasu a data va\u0161\u00ed n\u00e1v\u0161t\u011bvy.<\/li>\n\n\n\n<li><strong>Soubory cookie a sledovac\u00ed technologie<\/strong>: Pou\u017e\u00edv\u00e1me soubory cookie a podobn\u00e9 sledovac\u00ed technologie, abychom zlep\u0161ili v\u00e1\u0161 z\u00e1\u017eitek z na\u0161ich webov\u00fdch str\u00e1nek. Soubory cookie jsou mal\u00e9 soubory, kter\u00e9 se ukl\u00e1daj\u00ed ve va\u0161em za\u0159\u00edzen\u00ed a pom\u00e1haj\u00ed n\u00e1m pochopit, jak na\u0161e str\u00e1nky pou\u017e\u00edv\u00e1te.<\/li>\n<\/ol>\n\n<h3 class=\"wp-block-heading\">Jak pou\u017e\u00edv\u00e1me va\u0161e informace<\/h3>\n\n<ol class=\"wp-block-list\">\n<li><strong>Poskytov\u00e1n\u00ed slu\u017eeb<\/strong>: Va\u0161e osobn\u00ed \u00fadaje pou\u017e\u00edv\u00e1me k tomu, abychom v\u00e1m mohli poskytovat slu\u017eby, kter\u00e9 po\u017eadujete, nap\u0159\u00edklad p\u0159\u00edstup ke hr\u00e1m Freecell a souvisej\u00edc\u00edm funkc\u00edm.<\/li>\n\n\n\n<li><strong>Zlep\u0161en\u00ed na\u0161ich webov\u00fdch str\u00e1nek<\/strong>: \u00dadaje o pou\u017e\u00edv\u00e1n\u00ed a soubory cookie n\u00e1m pom\u00e1haj\u00ed pochopit, jak jsou na\u0161e webov\u00e9 str\u00e1nky pou\u017e\u00edv\u00e1ny, co\u017e n\u00e1m umo\u017e\u0148uje zlep\u0161it jejich funk\u010dnost a u\u017eivatelsk\u00fd komfort.<\/li>\n\n\n\n<li><strong>Komunikovat s v\u00e1mi<\/strong>: Va\u0161e kontaktn\u00ed \u00fadaje m\u016f\u017eeme pou\u017e\u00edt k zas\u00edl\u00e1n\u00ed aktualizac\u00ed, newsletter\u016f a dal\u0161\u00edch sd\u011blen\u00ed t\u00fdkaj\u00edc\u00edch se na\u0161ich slu\u017eeb.<\/li>\n\n\n\n<li><strong>Pro zabezpe\u010den\u00ed a prevenci podvod\u016f<\/strong>: Va\u0161e \u00fadaje pou\u017e\u00edv\u00e1me k ochran\u011b na\u0161ich webov\u00fdch str\u00e1nek a u\u017eivatel\u016f p\u0159ed podvody, neopr\u00e1vn\u011bn\u00fdm p\u0159\u00edstupem a dal\u0161\u00edmi nez\u00e1konn\u00fdmi \u010dinnostmi.<\/li>\n<\/ol>\n\n<h4 class=\"wp-block-heading\">Sd\u00edlen\u00ed va\u0161ich informac\u00ed<\/h4>\n\n<ol class=\"wp-block-list\">\n<li><strong>Poskytovatel\u00e9 slu\u017eeb t\u0159et\u00edch stran<\/strong>: Va\u0161e \u00fadaje m\u016f\u017eeme sd\u00edlet s poskytovateli slu\u017eeb t\u0159et\u00edch stran, kte\u0159\u00ed n\u00e1m pom\u00e1haj\u00ed provozovat na\u0161e webov\u00e9 str\u00e1nky a poskytovat na\u0161e slu\u017eby. Tito poskytovatel\u00e9 jsou v\u00e1z\u00e1ni p\u0159\u00edsn\u00fdmi dohodami o d\u016fv\u011brnosti a nesm\u011bj\u00ed va\u0161e \u00fadaje pou\u017e\u00edvat k \u017e\u00e1dn\u00fdm jin\u00fdm \u00fa\u010del\u016fm.<\/li>\n\n\n\n<li><strong>Pr\u00e1vn\u00ed po\u017eadavky<\/strong>: Va\u0161e \u00fadaje m\u016f\u017eeme zve\u0159ejnit, pokud to vy\u017eaduje z\u00e1kon nebo v reakci na pr\u00e1vn\u00ed proces, jako je soudn\u00ed p\u0159\u00edkaz nebo p\u0159edvol\u00e1n\u00ed.<\/li>\n\n\n\n<li><strong>P\u0159evody podnik\u016f<\/strong>: Pokud se \u00fa\u010dastn\u00edme f\u00faze, akvizice nebo prodeje majetku, mohou b\u00fdt va\u0161e \u00fadaje v r\u00e1mci t\u00e9to transakce p\u0159evedeny.<\/li>\n<\/ol>\n\n<h4 class=\"wp-block-heading\">Va\u0161e volby a pr\u00e1va<\/h4>\n\n<ol class=\"wp-block-list\">\n<li><strong>P\u0159\u00edstup a opravy<\/strong>: M\u00e1te pr\u00e1vo na p\u0159\u00edstup ke sv\u00fdm osobn\u00edm \u00fadaj\u016fm a na jejich opravu. M\u016f\u017eete tak u\u010dinit po p\u0159ihl\u00e1\u0161en\u00ed ke sv\u00e9mu \u00fa\u010dtu nebo n\u00e1s kontaktovat p\u0159\u00edmo.<\/li>\n\n\n\n<li><strong>Opt-Out<\/strong>: M\u016f\u017eete se odhl\u00e1sit ze zas\u00edl\u00e1n\u00ed propaga\u010dn\u00edch e-mail\u016f od n\u00e1s podle pokyn\u016f k odhl\u00e1\u0161en\u00ed v t\u011bchto e-mailech. Vezm\u011bte pros\u00edm na v\u011bdom\u00ed, \u017ee i v p\u0159\u00edpad\u011b, \u017ee odm\u00edtnete dost\u00e1vat propaga\u010dn\u00ed e-maily, m\u016f\u017eeme v\u00e1m st\u00e1le zas\u00edlat nepropaga\u010dn\u00ed e-maily t\u00fdkaj\u00edc\u00ed se va\u0161eho \u00fa\u010dtu a na\u0161ich slu\u017eeb.<\/li>\n\n\n\n<li><strong>Soubory cookie<\/strong>: V\u011bt\u0161ina webov\u00fdch prohl\u00ed\u017ee\u010d\u016f je ve v\u00fdchoz\u00edm nastaven\u00ed nastavena na p\u0159ij\u00edm\u00e1n\u00ed soubor\u016f cookie. Nastaven\u00ed prohl\u00ed\u017ee\u010de m\u016f\u017eete zm\u011bnit tak, aby soubory cookie odm\u00edtal nebo aby v\u00e1s upozor\u0148oval na jejich odes\u00edl\u00e1n\u00ed. Pokud v\u0161ak soubory cookie zak\u00e1\u017eete, n\u011bkter\u00e9 \u010d\u00e1sti na\u0161ich webov\u00fdch str\u00e1nek nemus\u00ed fungovat spr\u00e1vn\u011b.<\/li>\n<\/ol>\n\n<h4 class=\"wp-block-heading\">Zabezpe\u010den\u00ed dat<\/h4>\n\n<p>Bezpe\u010dnost dat bereme v\u00e1\u017en\u011b a zav\u00e1d\u00edme vhodn\u00e1 opat\u0159en\u00ed na ochranu va\u0161ich osobn\u00edch \u00fadaj\u016f p\u0159ed neopr\u00e1vn\u011bn\u00fdm p\u0159\u00edstupem, zm\u011bnou, zve\u0159ejn\u011bn\u00edm nebo zni\u010den\u00edm. M\u011bjte v\u0161ak na pam\u011bti, \u017ee \u017e\u00e1dn\u00fd zp\u016fsob p\u0159enosu p\u0159es internet nebo elektronick\u00e9ho ukl\u00e1d\u00e1n\u00ed nen\u00ed zcela bezpe\u010dn\u00fd.<\/p>\n\n<h4 class=\"wp-block-heading\">Soukrom\u00ed d\u011bt\u00ed<\/h4>\n\n<p>Na\u0161e webov\u00e9 str\u00e1nky nejsou ur\u010deny pro d\u011bti mlad\u0161\u00ed 13 let. V\u011bdom\u011b neshroma\u017e\u010fujeme osobn\u00ed \u00fadaje d\u011bt\u00ed mlad\u0161\u00edch 13 let. Pokud zjist\u00edme, \u017ee jsme ne\u00famysln\u011b obdr\u017eeli osobn\u00ed \u00fadaje od d\u00edt\u011bte mlad\u0161\u00edho 13 let, vyma\u017eeme tyto \u00fadaje z na\u0161ich z\u00e1znam\u016f.<\/p>\n\n<h4 class=\"wp-block-heading\">Zm\u011bny t\u011bchto z\u00e1sad ochrany osobn\u00edch \u00fadaj\u016f<\/h4>\n\n<p>Tyto z\u00e1sady ochrany osobn\u00edch \u00fadaj\u016f m\u016f\u017eeme \u010das od \u010dasu aktualizovat, aby odr\u00e1\u017eely zm\u011bny na\u0161ich postup\u016f nebo pr\u00e1vn\u00edch po\u017eadavk\u016f. A\u017e tak u\u010din\u00edme, zm\u011bn\u00edme datum &#8222;Posledn\u00ed aktualizace&#8220; v horn\u00ed \u010d\u00e1sti t\u00e9to str\u00e1nky. Doporu\u010dujeme v\u00e1m, abyste tyto z\u00e1sady ochrany osobn\u00edch \u00fadaj\u016f pravideln\u011b kontrolovali a byli tak informov\u00e1ni o tom, jak chr\u00e1n\u00edme va\u0161e \u00fadaje.<\/p>\n","protected":false},"excerpt":{"rendered":"<p>V\u00edtejte na Freecell247.io. Zavazujeme se chr\u00e1nit va\u0161e soukrom\u00ed a zajistit, \u017ee s va\u0161imi osobn\u00edmi \u00fadaji bude nakl\u00e1d\u00e1no bezpe\u010dn\u00fdm a odpov\u011bdn\u00fdm zp\u016fsobem. Tyto z\u00e1sady ochrany osobn\u00edch \u00fadaj\u016f popisuj\u00ed, jak shroma\u017e\u010fujeme, pou\u017e\u00edv\u00e1me a chr\u00e1n\u00edme va\u0161e \u00fadaje p\u0159i pou\u017e\u00edv\u00e1n\u00ed na\u0161ich webov\u00fdch str\u00e1nek. Informace, kter\u00e9 shroma\u017e\u010fujeme Jak pou\u017e\u00edv\u00e1me va\u0161e informace Sd\u00edlen\u00ed va\u0161ich informac\u00ed Va\u0161e volby a pr\u00e1va Zabezpe\u010den\u00ed dat [&hellip;]<\/p>\n","protected":false},"author":1,"featured_media":0,"parent":0,"menu_order":0,"comment_status":"closed","ping_status":"closed","template":"","meta":{"content-type":"","footnotes":""},"class_list":["post-5411","page","type-page","status-publish"],"yoast_head":"<!-- This site is optimized with the Yoast SEO plugin v22.7 - https:\/\/yoast.com\/wordpress\/plugins\/seo\/ -->\n<title>Z\u00e1sady ochrany osobn\u00edch \u00fadaj\u016f - Freecell 247<\/title>\n<meta name=\"robots\" content=\"index, follow, max-snippet:-1, max-image-preview:large, max-video-preview:-1\" \/>\n<link rel=\"canonical\" href=\"https:\/\/freecell247.io\/privacy-policy\/\" \/>\n<meta property=\"og:locale\" content=\"cs_CZ\" \/>\n<meta property=\"og:type\" content=\"article\" \/>\n<meta property=\"og:title\" content=\"Z\u00e1sady ochrany osobn\u00edch \u00fadaj\u016f - Freecell 247\" \/>\n<meta property=\"og:description\" content=\"V\u00edtejte na Freecell247.io. Zavazujeme se chr\u00e1nit va\u0161e soukrom\u00ed a zajistit, \u017ee s va\u0161imi osobn\u00edmi \u00fadaji bude nakl\u00e1d\u00e1no bezpe\u010dn\u00fdm a odpov\u011bdn\u00fdm zp\u016fsobem. Tyto z\u00e1sady ochrany osobn\u00edch \u00fadaj\u016f popisuj\u00ed, jak shroma\u017e\u010fujeme, pou\u017e\u00edv\u00e1me a chr\u00e1n\u00edme va\u0161e \u00fadaje p\u0159i pou\u017e\u00edv\u00e1n\u00ed na\u0161ich webov\u00fdch str\u00e1nek. Informace, kter\u00e9 shroma\u017e\u010fujeme Jak pou\u017e\u00edv\u00e1me va\u0161e informace Sd\u00edlen\u00ed va\u0161ich informac\u00ed Va\u0161e volby a pr\u00e1va Zabezpe\u010den\u00ed dat [&hellip;]\" \/>\n<meta property=\"og:url\" content=\"https:\/\/freecell247.io\/privacy-policy\/\" \/>\n<meta property=\"og:site_name\" content=\"Freecell 247\" \/>\n<meta property=\"article:modified_time\" content=\"2024-05-15T09:18:58+00:00\" \/>\n<meta name=\"twitter:card\" content=\"summary_large_image\" \/>\n<meta name=\"twitter:label1\" content=\"Odhadovan\u00e1 doba \u010dten\u00ed\" \/>\n\t<meta name=\"twitter:data1\" content=\"4 minuty\" \/>\n<script type=\"application\/ld+json\" class=\"yoast-schema-graph\">{\"@context\":\"https:\/\/schema.org\",\"@graph\":[{\"@type\":\"WebPage\",\"@id\":\"https:\/\/freecell247.io\/privacy-policy\/\",\"url\":\"https:\/\/freecell247.io\/privacy-policy\/\",\"name\":\"Z\u00e1sady ochrany osobn\u00edch \u00fadaj\u016f - Freecell 247\",\"isPartOf\":{\"@id\":\"https:\/\/freecell247.io\/#website\"},\"datePublished\":\"2024-05-15T08:59:36+00:00\",\"dateModified\":\"2024-05-15T09:18:58+00:00\",\"breadcrumb\":{\"@id\":\"https:\/\/freecell247.io\/privacy-policy\/#breadcrumb\"},\"inLanguage\":\"cs\",\"potentialAction\":[{\"@type\":\"ReadAction\",\"target\":[\"https:\/\/freecell247.io\/privacy-policy\/\"]}]},{\"@type\":\"BreadcrumbList\",\"@id\":\"https:\/\/freecell247.io\/privacy-policy\/#breadcrumb\",\"itemListElement\":[{\"@type\":\"ListItem\",\"position\":1,\"name\":\"Home\",\"item\":\"https:\/\/freecell247.io\/\"},{\"@type\":\"ListItem\",\"position\":2,\"name\":\"Z\u00e1sady ochrany osobn\u00edch \u00fadaj\u016f\"}]},{\"@type\":\"WebSite\",\"@id\":\"https:\/\/freecell247.io\/#website\",\"url\":\"https:\/\/freecell247.io\/\",\"name\":\"Freecell 247\",\"description\":\"\",\"potentialAction\":[{\"@type\":\"SearchAction\",\"target\":{\"@type\":\"EntryPoint\",\"urlTemplate\":\"https:\/\/freecell247.io\/?s={search_term_string}\"},\"query-input\":\"required name=search_term_string\"}],\"inLanguage\":\"cs\"}]}<\/script>\n<!-- \/ Yoast SEO plugin. -->","yoast_head_json":{"title":"Z\u00e1sady ochrany osobn\u00edch \u00fadaj\u016f - Freecell 247","robots":{"index":"index","follow":"follow","max-snippet":"max-snippet:-1","max-image-preview":"max-image-preview:large","max-video-preview":"max-video-preview:-1"},"canonical":"https:\/\/freecell247.io\/privacy-policy\/","og_locale":"cs_CZ","og_type":"article","og_title":"Z\u00e1sady ochrany osobn\u00edch \u00fadaj\u016f - Freecell 247","og_description":"V\u00edtejte na Freecell247.io. Zavazujeme se chr\u00e1nit va\u0161e soukrom\u00ed a zajistit, \u017ee s va\u0161imi osobn\u00edmi \u00fadaji bude nakl\u00e1d\u00e1no bezpe\u010dn\u00fdm a odpov\u011bdn\u00fdm zp\u016fsobem. Tyto z\u00e1sady ochrany osobn\u00edch \u00fadaj\u016f popisuj\u00ed, jak shroma\u017e\u010fujeme, pou\u017e\u00edv\u00e1me a chr\u00e1n\u00edme va\u0161e \u00fadaje p\u0159i pou\u017e\u00edv\u00e1n\u00ed na\u0161ich webov\u00fdch str\u00e1nek. Informace, kter\u00e9 shroma\u017e\u010fujeme Jak pou\u017e\u00edv\u00e1me va\u0161e informace Sd\u00edlen\u00ed va\u0161ich informac\u00ed Va\u0161e volby a pr\u00e1va Zabezpe\u010den\u00ed dat [&hellip;]","og_url":"https:\/\/freecell247.io\/privacy-policy\/","og_site_name":"Freecell 247","article_modified_time":"2024-05-15T09:18:58+00:00","twitter_card":"summary_large_image","twitter_misc":{"Odhadovan\u00e1 doba \u010dten\u00ed":"4 minuty"},"schema":{"@context":"https:\/\/schema.org","@graph":[{"@type":"WebPage","@id":"https:\/\/freecell247.io\/privacy-policy\/","url":"https:\/\/freecell247.io\/privacy-policy\/","name":"Z\u00e1sady ochrany osobn\u00edch \u00fadaj\u016f - Freecell 247","isPartOf":{"@id":"https:\/\/freecell247.io\/#website"},"datePublished":"2024-05-15T08:59:36+00:00","dateModified":"2024-05-15T09:18:58+00:00","breadcrumb":{"@id":"https:\/\/freecell247.io\/privacy-policy\/#breadcrumb"},"inLanguage":"cs","potentialAction":[{"@type":"ReadAction","target":["https:\/\/freecell247.io\/privacy-policy\/"]}]},{"@type":"BreadcrumbList","@id":"https:\/\/freecell247.io\/privacy-policy\/#breadcrumb","itemListElement":[{"@type":"ListItem","position":1,"name":"Home","item":"https:\/\/freecell247.io\/"},{"@type":"ListItem","position":2,"name":"Z\u00e1sady ochrany osobn\u00edch \u00fadaj\u016f"}]},{"@type":"WebSite","@id":"https:\/\/freecell247.io\/#website","url":"https:\/\/freecell247.io\/","name":"Freecell 247","description":"","potentialAction":[{"@type":"SearchAction","target":{"@type":"EntryPoint","urlTemplate":"https:\/\/freecell247.io\/?s={search_term_string}"},"query-input":"required name=search_term_string"}],"inLanguage":"cs"}]}},"_links":{"self":[{"href":"https:\/\/freecell247.io\/cs\/wp-json\/wp\/v2\/pages\/5411","targetHints":{"allow":["GET"]}}],"collection":[{"href":"https:\/\/freecell247.io\/cs\/wp-json\/wp\/v2\/pages"}],"about":[{"href":"https:\/\/freecell247.io\/cs\/wp-json\/wp\/v2\/types\/page"}],"author":[{"embeddable":true,"href":"https:\/\/freecell247.io\/cs\/wp-json\/wp\/v2\/users\/1"}],"replies":[{"embeddable":true,"href":"https:\/\/freecell247.io\/cs\/wp-json\/wp\/v2\/comments?post=5411"}],"version-history":[{"count":1,"href":"https:\/\/freecell247.io\/cs\/wp-json\/wp\/v2\/pages\/5411\/revisions"}],"predecessor-version":[{"id":5423,"href":"https:\/\/freecell247.io\/cs\/wp-json\/wp\/v2\/pages\/5411\/revisions\/5423"}],"wp:attachment":[{"href":"https:\/\/freecell247.io\/cs\/wp-json\/wp\/v2\/media?parent=5411"}],"curies":[{"name":"wp","href":"https:\/\/api.w.org\/{rel}","templated":true}]}}